{"id":192,"date":"2020-12-14T13:53:06","date_gmt":"2020-12-14T13:53:06","guid":{"rendered":"https:\/\/sellycar.com\/?page_id=192"},"modified":"2023-02-23T14:06:29","modified_gmt":"2023-02-23T14:06:29","slug":"komisjonimuuk","status":"publish","type":"page","link":"https:\/\/sellycar.com\/index.php\/komisjonimuuk\/","title":{"rendered":"Komisjonim\u00fc\u00fck"},"content":{"rendered":"\t\t<div data-elementor-type=\"wp-page\" data-elementor-id=\"192\" class=\"elementor elementor-192\">\n\t\t\t\t\t\t<section class=\"elementor-section elementor-top-section elementor-element elementor-element-85a1d7b elementor-section-boxed elementor-section-height-default elementor-section-height-default\" data-id=\"85a1d7b\" data-element_type=\"section\" data-e-type=\"section\">\n\t\t\t\t\t\t<div class=\"elementor-container elementor-column-gap-default\">\n\t\t\t\t\t<div class=\"elementor-column elementor-col-100 elementor-top-column elementor-element elementor-element-7164aba\" data-id=\"7164aba\" data-element_type=\"column\" data-e-type=\"column\">\n\t\t\t<div class=\"elementor-widget-wrap elementor-element-populated\">\n\t\t\t\t\t\t<div class=\"elementor-element elementor-element-d14dbc4 elementor-widget elementor-widget-text-editor\" data-id=\"d14dbc4\" data-element_type=\"widget\" data-e-type=\"widget\" data-widget_type=\"text-editor.default\">\n\t\t\t\t<div class=\"elementor-widget-container\">\n\t\t\t\t\t\t\t\t\t<p>Pakume komisjonim\u00fc\u00fcgi teenust meilt uue s\u00f5iduki soetanutele, aga ka neile, kes ei soovi s\u00fcveneda s\u00f5iduki m\u00fc\u00fcgiga kaasnevatesse protsessidesse.<\/p><p>Klassikaline komisjonim\u00fc\u00fcgi pakett sisaldab:<\/p><ul><li>S\u00f5iduki m\u00fc\u00fcgieelne ettevalmistus (ilu- ja hooldusteenused vastavalt soovile v\u00f5i vajadusele)<\/li><li>S\u00f5idukist \u00fclevaatlike m\u00fc\u00fcgipiltide teostamine<\/li><li>Maaklerim\u00fc\u00fck (s\u00f5iduki reklaamimine tuntud autom\u00fc\u00fcgiportaalides ja meie keskkondades)<\/li><li>Aitame ka m\u00fc\u00fcgiprotsessi l\u00e4biviimise ja tehingu vormistamisega\u00a0<\/li><\/ul><p>Teenuseid on v\u00f5imalik tellida ka eraldi.<br \/>Hinnad kokkuleppel.<\/p>\t\t\t\t\t\t\t\t<\/div>\n\t\t\t\t<\/div>\n\t\t\t\t<div class=\"elementor-element elementor-element-fc78d1d elementor-widget elementor-widget-spacer\" data-id=\"fc78d1d\" data-element_type=\"widget\" data-e-type=\"widget\" data-widget_type=\"spacer.default\">\n\t\t\t\t<div class=\"elementor-widget-container\">\n\t\t\t\t\t\t\t<div class=\"elementor-spacer\">\n\t\t\t<div class=\"elementor-spacer-inner\"><\/div>\n\t\t<\/div>\n\t\t\t\t\t\t<\/div>\n\t\t\t\t<\/div>\n\t\t\t\t<div class=\"elementor-element elementor-element-786ec8d elementor-align-center animated-slow elementor-invisible elementor-widget elementor-widget-button\" data-id=\"786ec8d\" data-element_type=\"widget\" data-e-type=\"widget\" data-settings=\"{&quot;_animation&quot;:&quot;fadeIn&quot;}\" data-widget_type=\"button.default\">\n\t\t\t\t<div class=\"elementor-widget-container\">\n\t\t\t\t\t\t\t\t\t<div class=\"elementor-button-wrapper\">\n\t\t\t\t\t<a class=\"elementor-button elementor-button-link elementor-size-lg elementor-animation-grow\" href=\"mailto:info@sellycar.com\">\n\t\t\t\t\t\t<span class=\"elementor-button-content-wrapper\">\n\t\t\t\t\t\t<span class=\"elementor-button-icon\">\n\t\t\t\t<i aria-hidden=\"true\" class=\"fas fa-mail-bulk\"><\/i>\t\t\t<\/span>\n\t\t\t\t\t\t\t\t\t<span class=\"elementor-button-text\">K\u00dcSI PAKKUMIST<\/span>\n\t\t\t\t\t<\/span>\n\t\t\t\t\t<\/a>\n\t\t\t\t<\/div>\n\t\t\t\t\t\t\t\t<\/div>\n\t\t\t\t<\/div>\n\t\t\t\t\t<\/div>\n\t\t<\/div>\n\t\t\t\t\t<\/div>\n\t\t<\/section>\n\t\t\t\t<section class=\"elementor-section elementor-top-section elementor-element elementor-element-017692e elementor-section-boxed elementor-section-height-default elementor-section-height-default\" data-id=\"017692e\" data-element_type=\"section\" data-e-type=\"section\">\n\t\t\t\t\t\t<div class=\"elementor-container elementor-column-gap-default\">\n\t\t\t\t\t<div class=\"elementor-column elementor-col-100 elementor-top-column elementor-element elementor-element-83f4909\" data-id=\"83f4909\" data-element_type=\"column\" data-e-type=\"column\">\n\t\t\t<div class=\"elementor-widget-wrap elementor-element-populated\">\n\t\t\t\t\t\t<div class=\"elementor-element elementor-element-faa5c0f elementor-widget elementor-widget-spacer\" data-id=\"faa5c0f\" data-element_type=\"widget\" data-e-type=\"widget\" data-widget_type=\"spacer.default\">\n\t\t\t\t<div class=\"elementor-widget-container\">\n\t\t\t\t\t\t\t<div class=\"elementor-spacer\">\n\t\t\t<div class=\"elementor-spacer-inner\"><\/div>\n\t\t<\/div>\n\t\t\t\t\t\t<\/div>\n\t\t\t\t<\/div>\n\t\t\t\t\t<\/div>\n\t\t<\/div>\n\t\t\t\t\t<\/div>\n\t\t<\/section>\n\t\t\t\t<\/div>\n\t\t","protected":false},"excerpt":{"rendered":"<p>Pakume komisjonim\u00fc\u00fcgi teenust meilt uue s\u00f5iduki soetanutele, aga ka neile, kes ei soovi s\u00fcveneda s\u00f5iduki m\u00fc\u00fcgiga kaasnevatesse protsessidesse. Klassikaline komisjonim\u00fc\u00fcgi pakett sisaldab: S\u00f5iduki m\u00fc\u00fcgieelne ettevalmistus (ilu- ja hooldusteenused vastavalt soovile v\u00f5i vajadusele) S\u00f5idukist \u00fclevaatlike m\u00fc\u00fcgipiltide teostamine Maaklerim\u00fc\u00fck (s\u00f5iduki reklaamimine tuntud autom\u00fc\u00fcgiportaalides ja meie keskkondades) Aitame ka m\u00fc\u00fcgiprotsessi l\u00e4biviimise ja tehingu vormistamisega\u00a0 Teenuseid on v\u00f5imalik tellida &hellip; <\/p>\n<p class=\"link-more\"><a href=\"https:\/\/sellycar.com\/index.php\/komisjonimuuk\/\" class=\"more-link\">Continue reading<span class=\"screen-reader-text\"> &#8220;Komisjonim\u00fc\u00fck&#8221;<\/span><\/a><\/p>\n","protected":false},"author":1,"featured_media":0,"parent":0,"menu_order":0,"comment_status":"closed","ping_status":"closed","template":"","meta":{"footnotes":""},"class_list":["post-192","page","type-page","status-publish","hentry"],"_links":{"self":[{"href":"https:\/\/sellycar.com\/index.php\/wp-json\/wp\/v2\/pages\/192","targetHints":{"allow":["GET"]}}],"collection":[{"href":"https:\/\/sellycar.com\/index.php\/wp-json\/wp\/v2\/pages"}],"about":[{"href":"https:\/\/sellycar.com\/index.php\/wp-json\/wp\/v2\/types\/page"}],"author":[{"embeddable":true,"href":"https:\/\/sellycar.com\/index.php\/wp-json\/wp\/v2\/users\/1"}],"replies":[{"embeddable":true,"href":"https:\/\/sellycar.com\/index.php\/wp-json\/wp\/v2\/comments?post=192"}],"version-history":[{"count":16,"href":"https:\/\/sellycar.com\/index.php\/wp-json\/wp\/v2\/pages\/192\/revisions"}],"predecessor-version":[{"id":768,"href":"https:\/\/sellycar.com\/index.php\/wp-json\/wp\/v2\/pages\/192\/revisions\/768"}],"wp:attachment":[{"href":"https:\/\/sellycar.com\/index.php\/wp-json\/wp\/v2\/media?parent=192"}],"curies":[{"name":"wp","href":"https:\/\/api.w.org\/{rel}","templated":true}]}}