{"id":203,"date":"2020-12-14T14:10:28","date_gmt":"2020-12-14T14:10:28","guid":{"rendered":"https:\/\/sellycar.com\/?page_id=203"},"modified":"2020-12-15T08:21:17","modified_gmt":"2020-12-15T08:21:17","slug":"kindlustus","status":"publish","type":"page","link":"https:\/\/sellycar.com\/index.php\/kindlustus\/","title":{"rendered":"Kindlustus"},"content":{"rendered":"\t\t<div data-elementor-type=\"wp-page\" data-elementor-id=\"203\" class=\"elementor elementor-203\">\n\t\t\t\t\t\t<section class=\"elementor-section elementor-top-section elementor-element elementor-element-6d0a665 elementor-section-boxed elementor-section-height-default elementor-section-height-default\" data-id=\"6d0a665\" data-element_type=\"section\" data-e-type=\"section\">\n\t\t\t\t\t\t<div class=\"elementor-container elementor-column-gap-default\">\n\t\t\t\t\t<div class=\"elementor-column elementor-col-100 elementor-top-column elementor-element elementor-element-d19d730\" data-id=\"d19d730\" data-element_type=\"column\" data-e-type=\"column\">\n\t\t\t<div class=\"elementor-widget-wrap elementor-element-populated\">\n\t\t\t\t\t\t<div class=\"elementor-element elementor-element-7a2e738 animated-slow elementor-invisible elementor-widget elementor-widget-image-carousel\" data-id=\"7a2e738\" data-element_type=\"widget\" data-e-type=\"widget\" data-settings=\"{&quot;slides_to_show&quot;:&quot;5&quot;,&quot;navigation&quot;:&quot;none&quot;,&quot;pause_on_hover&quot;:&quot;no&quot;,&quot;pause_on_interaction&quot;:&quot;no&quot;,&quot;autoplay_speed&quot;:4000,&quot;image_spacing_custom&quot;:{&quot;unit&quot;:&quot;px&quot;,&quot;size&quot;:80,&quot;sizes&quot;:[]},&quot;_animation&quot;:&quot;fadeIn&quot;,&quot;autoplay&quot;:&quot;yes&quot;,&quot;infinite&quot;:&quot;yes&quot;,&quot;speed&quot;:500,&quot;image_spacing_custom_tablet&quot;:{&quot;unit&quot;:&quot;px&quot;,&quot;size&quot;:&quot;&quot;,&quot;sizes&quot;:[]},&quot;image_spacing_custom_mobile&quot;:{&quot;unit&quot;:&quot;px&quot;,&quot;size&quot;:&quot;&quot;,&quot;sizes&quot;:[]}}\" data-widget_type=\"image-carousel.default\">\n\t\t\t\t<div class=\"elementor-widget-container\">\n\t\t\t\t\t\t\t<div class=\"elementor-image-carousel-wrapper swiper\" role=\"region\" aria-roledescription=\"carousel\" aria-label=\"Image Carousel\" dir=\"ltr\">\n\t\t\t<div class=\"elementor-image-carousel swiper-wrapper\" aria-live=\"off\">\n\t\t\t\t\t\t\t\t<div class=\"swiper-slide\" role=\"group\" aria-roledescription=\"slide\" aria-label=\"1 of 9\"><figure class=\"swiper-slide-inner\"><img decoding=\"async\" class=\"swiper-slide-image\" src=\"https:\/\/sellycar.com\/wp-content\/uploads\/2020\/12\/fixlogo.png\" alt=\"fixlogo\" \/><\/figure><\/div><div class=\"swiper-slide\" role=\"group\" aria-roledescription=\"slide\" aria-label=\"2 of 9\"><figure class=\"swiper-slide-inner\"><img decoding=\"async\" class=\"swiper-slide-image\" src=\"https:\/\/sellycar.com\/wp-content\/uploads\/2020\/12\/if.png\" alt=\"if\" \/><\/figure><\/div><div class=\"swiper-slide\" role=\"group\" aria-roledescription=\"slide\" aria-label=\"3 of 9\"><figure class=\"swiper-slide-inner\"><img decoding=\"async\" class=\"swiper-slide-image\" src=\"https:\/\/sellycar.com\/wp-content\/uploads\/2020\/12\/ERGO.png\" alt=\"ERGO\" \/><\/figure><\/div><div class=\"swiper-slide\" role=\"group\" aria-roledescription=\"slide\" aria-label=\"4 of 9\"><figure class=\"swiper-slide-inner\"><img decoding=\"async\" class=\"swiper-slide-image\" src=\"https:\/\/sellycar.com\/wp-content\/uploads\/2020\/12\/PZU.png\" alt=\"PZU\" \/><\/figure><\/div><div class=\"swiper-slide\" role=\"group\" aria-roledescription=\"slide\" aria-label=\"5 of 9\"><figure class=\"swiper-slide-inner\"><img decoding=\"async\" class=\"swiper-slide-image\" src=\"https:\/\/sellycar.com\/wp-content\/uploads\/2020\/12\/ingeslogo-768x298.jpg\" alt=\"ingeslogo\" \/><\/figure><\/div><div class=\"swiper-slide\" role=\"group\" aria-roledescription=\"slide\" aria-label=\"6 of 9\"><figure class=\"swiper-slide-inner\"><img decoding=\"async\" class=\"swiper-slide-image\" src=\"https:\/\/sellycar.com\/wp-content\/uploads\/2020\/12\/seesam-logo_1_orig.jpg\" alt=\"seesam-logo_1_orig\" \/><\/figure><\/div><div class=\"swiper-slide\" role=\"group\" aria-roledescription=\"slide\" aria-label=\"7 of 9\"><figure class=\"swiper-slide-inner\"><img decoding=\"async\" class=\"swiper-slide-image\" src=\"https:\/\/sellycar.com\/wp-content\/uploads\/2020\/12\/salva-kindlustus-65652420.jpg\" alt=\"salva-kindlustus-65652420\" \/><\/figure><\/div><div class=\"swiper-slide\" role=\"group\" aria-roledescription=\"slide\" aria-label=\"8 of 9\"><figure class=\"swiper-slide-inner\"><img decoding=\"async\" class=\"swiper-slide-image\" src=\"https:\/\/sellycar.com\/wp-content\/uploads\/2020\/12\/51181085-1587728305126387_origin.png\" alt=\"51181085-1587728305126387_origin\" \/><\/figure><\/div><div class=\"swiper-slide\" role=\"group\" aria-roledescription=\"slide\" aria-label=\"9 of 9\"><figure class=\"swiper-slide-inner\"><img decoding=\"async\" class=\"swiper-slide-image\" src=\"https:\/\/sellycar.com\/wp-content\/uploads\/2020\/12\/bta-baltic-insurance-company-vector-logo-768x427.png\" alt=\"bta-baltic-insurance-company-vector-logo\" \/><\/figure><\/div>\t\t\t<\/div>\n\t\t\t\t\t\t\t\n\t\t\t\t\t\t\t\t\t<\/div>\n\t\t\t\t\t\t<\/div>\n\t\t\t\t<\/div>\n\t\t\t\t\t<\/div>\n\t\t<\/div>\n\t\t\t\t\t<\/div>\n\t\t<\/section>\n\t\t\t\t<section class=\"elementor-section elementor-top-section elementor-element elementor-element-5f356aa elementor-section-boxed elementor-section-height-default elementor-section-height-default\" data-id=\"5f356aa\" data-element_type=\"section\" data-e-type=\"section\">\n\t\t\t\t\t\t<div class=\"elementor-container elementor-column-gap-default\">\n\t\t\t\t\t<div class=\"elementor-column elementor-col-100 elementor-top-column elementor-element elementor-element-739af19\" data-id=\"739af19\" data-element_type=\"column\" data-e-type=\"column\">\n\t\t\t<div class=\"elementor-widget-wrap elementor-element-populated\">\n\t\t\t\t\t\t<div class=\"elementor-element elementor-element-394ea42 elementor-tabs-view-horizontal elementor-widget elementor-widget-tabs\" data-id=\"394ea42\" data-element_type=\"widget\" data-e-type=\"widget\" data-widget_type=\"tabs.default\">\n\t\t\t\t<div class=\"elementor-widget-container\">\n\t\t\t\t\t\t\t<div class=\"elementor-tabs\">\n\t\t\t<div class=\"elementor-tabs-wrapper\" role=\"tablist\" >\n\t\t\t\t\t\t\t\t\t<div id=\"elementor-tab-title-6001\" class=\"elementor-tab-title elementor-tab-desktop-title\" aria-selected=\"true\" data-tab=\"1\" role=\"tab\" tabindex=\"0\" aria-controls=\"elementor-tab-content-6001\" aria-expanded=\"false\">Kindlustustooted erakliendile<\/div>\n\t\t\t\t\t\t\t\t\t<div id=\"elementor-tab-title-6002\" class=\"elementor-tab-title elementor-tab-desktop-title\" aria-selected=\"false\" data-tab=\"2\" role=\"tab\" tabindex=\"-1\" aria-controls=\"elementor-tab-content-6002\" aria-expanded=\"false\">Kindlustustooted \u00e4rikliendile<\/div>\n\t\t\t\t\t\t\t<\/div>\n\t\t\t<div class=\"elementor-tabs-content-wrapper\" role=\"tablist\" aria-orientation=\"vertical\">\n\t\t\t\t\t\t\t\t\t<div class=\"elementor-tab-title elementor-tab-mobile-title\" aria-selected=\"true\" data-tab=\"1\" role=\"tab\" tabindex=\"0\" aria-controls=\"elementor-tab-content-6001\" aria-expanded=\"false\">Kindlustustooted erakliendile<\/div>\n\t\t\t\t\t<div id=\"elementor-tab-content-6001\" class=\"elementor-tab-content elementor-clearfix\" data-tab=\"1\" role=\"tabpanel\" aria-labelledby=\"elementor-tab-title-6001\" tabindex=\"0\" hidden=\"false\"><ul><li>Liikluskindlustus<\/li><li>Kaskokindlustus (s\u00f5idukikindlustus)<\/li><li>Kodukindlustus<\/li><li>Reisikindlustus<\/li><li>Vastutuskindlustus\u00a0<\/li><li>\u00d5nnetusjuhtumikindlustus<\/li><li>Loomakindlustus<\/li><\/ul><\/div>\n\t\t\t\t\t\t\t\t\t<div class=\"elementor-tab-title elementor-tab-mobile-title\" aria-selected=\"false\" data-tab=\"2\" role=\"tab\" tabindex=\"-1\" aria-controls=\"elementor-tab-content-6002\" aria-expanded=\"false\">Kindlustustooted \u00e4rikliendile<\/div>\n\t\t\t\t\t<div id=\"elementor-tab-content-6002\" class=\"elementor-tab-content elementor-clearfix\" data-tab=\"2\" role=\"tabpanel\" aria-labelledby=\"elementor-tab-title-6002\" tabindex=\"0\" hidden=\"hidden\"><p><strong>Vara<\/strong><\/p><ul><li>Liikluskindlustus<\/li><li>Kaskokindlustus (s\u00f5idukikindlustus)<\/li><li>Ettev\u00f5tte varakindlustus<\/li><li>Veosekindlustus<\/li><li>Masinate ja seadmete kindlustus<\/li><li>Ehituse kogurisk<\/li><li>Elektrooniliste seadmete kindlustus<\/li><li>Loomakindlustus<\/li><\/ul><p><strong>T\u00f6\u00f6tajad<\/strong><\/p><ul><li>\u00d5nnetusjuhtumikindlustus<\/li><li>Reisikindlustus<\/li><\/ul><p><strong>Vastutus<\/strong><\/p><ul><li>Vastutuskindlustus<\/li><li>T\u00f6\u00f6andja vastutuskindlustus<\/li><li>Autovedaja kindlustus<\/li><li>Ehitise omaniku vastutuskindlustus<\/li><li>Ettev\u00f5tte tegevuse kindlustus<\/li><\/ul><\/div>\n\t\t\t\t\t\t\t<\/div>\n\t\t<\/div>\n\t\t\t\t\t\t<\/div>\n\t\t\t\t<\/div>\n\t\t\t\t<div class=\"elementor-element elementor-element-e2bfdb7 elementor-widget elementor-widget-spacer\" data-id=\"e2bfdb7\" data-element_type=\"widget\" data-e-type=\"widget\" data-widget_type=\"spacer.default\">\n\t\t\t\t<div class=\"elementor-widget-container\">\n\t\t\t\t\t\t\t<div class=\"elementor-spacer\">\n\t\t\t<div class=\"elementor-spacer-inner\"><\/div>\n\t\t<\/div>\n\t\t\t\t\t\t<\/div>\n\t\t\t\t<\/div>\n\t\t\t\t<div class=\"elementor-element elementor-element-a0c0d18 elementor-align-center animated-slow elementor-invisible elementor-widget elementor-widget-button\" data-id=\"a0c0d18\" data-element_type=\"widget\" data-e-type=\"widget\" data-settings=\"{&quot;_animation&quot;:&quot;fadeIn&quot;}\" data-widget_type=\"button.default\">\n\t\t\t\t<div class=\"elementor-widget-container\">\n\t\t\t\t\t\t\t\t\t<div class=\"elementor-button-wrapper\">\n\t\t\t\t\t<a class=\"elementor-button elementor-button-link elementor-size-lg elementor-animation-grow\" href=\"mailto:viivika@fixkindlustus.ee\">\n\t\t\t\t\t\t<span class=\"elementor-button-content-wrapper\">\n\t\t\t\t\t\t<span class=\"elementor-button-icon\">\n\t\t\t\t<i aria-hidden=\"true\" class=\"fas fa-mail-bulk\"><\/i>\t\t\t<\/span>\n\t\t\t\t\t\t\t\t\t<span class=\"elementor-button-text\">K\u00dcSI PAKKUMIST<\/span>\n\t\t\t\t\t<\/span>\n\t\t\t\t\t<\/a>\n\t\t\t\t<\/div>\n\t\t\t\t\t\t\t\t<\/div>\n\t\t\t\t<\/div>\n\t\t\t\t\t<\/div>\n\t\t<\/div>\n\t\t\t\t\t<\/div>\n\t\t<\/section>\n\t\t\t\t<section class=\"elementor-section elementor-top-section elementor-element elementor-element-6017a55 elementor-section-boxed elementor-section-height-default elementor-section-height-default\" data-id=\"6017a55\" data-element_type=\"section\" data-e-type=\"section\">\n\t\t\t\t\t\t<div class=\"elementor-container elementor-column-gap-default\">\n\t\t\t\t\t<div class=\"elementor-column elementor-col-100 elementor-top-column elementor-element elementor-element-46d874a\" data-id=\"46d874a\" data-element_type=\"column\" data-e-type=\"column\">\n\t\t\t<div class=\"elementor-widget-wrap elementor-element-populated\">\n\t\t\t\t\t\t<div class=\"elementor-element elementor-element-6a95169 elementor-widget elementor-widget-spacer\" data-id=\"6a95169\" data-element_type=\"widget\" data-e-type=\"widget\" data-widget_type=\"spacer.default\">\n\t\t\t\t<div class=\"elementor-widget-container\">\n\t\t\t\t\t\t\t<div class=\"elementor-spacer\">\n\t\t\t<div class=\"elementor-spacer-inner\"><\/div>\n\t\t<\/div>\n\t\t\t\t\t\t<\/div>\n\t\t\t\t<\/div>\n\t\t\t\t\t<\/div>\n\t\t<\/div>\n\t\t\t\t\t<\/div>\n\t\t<\/section>\n\t\t\t\t<\/div>\n\t\t","protected":false},"excerpt":{"rendered":"<p>Kindlustustooted erakliendile Kindlustustooted \u00e4rikliendile Kindlustustooted erakliendile Liikluskindlustus Kaskokindlustus (s\u00f5idukikindlustus) Kodukindlustus Reisikindlustus Vastutuskindlustus\u00a0 \u00d5nnetusjuhtumikindlustus Loomakindlustus Kindlustustooted \u00e4rikliendile Vara Liikluskindlustus Kaskokindlustus (s\u00f5idukikindlustus) Ettev\u00f5tte varakindlustus Veosekindlustus Masinate ja seadmete kindlustus Ehituse kogurisk Elektrooniliste seadmete kindlustus Loomakindlustus T\u00f6\u00f6tajad \u00d5nnetusjuhtumikindlustus Reisikindlustus Vastutus Vastutuskindlustus T\u00f6\u00f6andja vastutuskindlustus Autovedaja kindlustus Ehitise omaniku vastutuskindlustus Ettev\u00f5tte tegevuse kindlustus K\u00dcSI PAKKUMIST<\/p>\n","protected":false},"author":1,"featured_media":0,"parent":0,"menu_order":0,"comment_status":"closed","ping_status":"closed","template":"","meta":{"footnotes":""},"class_list":["post-203","page","type-page","status-publish","hentry"],"_links":{"self":[{"href":"https:\/\/sellycar.com\/index.php\/wp-json\/wp\/v2\/pages\/203","targetHints":{"allow":["GET"]}}],"collection":[{"href":"https:\/\/sellycar.com\/index.php\/wp-json\/wp\/v2\/pages"}],"about":[{"href":"https:\/\/sellycar.com\/index.php\/wp-json\/wp\/v2\/types\/page"}],"author":[{"embeddable":true,"href":"https:\/\/sellycar.com\/index.php\/wp-json\/wp\/v2\/users\/1"}],"replies":[{"embeddable":true,"href":"https:\/\/sellycar.com\/index.php\/wp-json\/wp\/v2\/comments?post=203"}],"version-history":[{"count":25,"href":"https:\/\/sellycar.com\/index.php\/wp-json\/wp\/v2\/pages\/203\/revisions"}],"predecessor-version":[{"id":309,"href":"https:\/\/sellycar.com\/index.php\/wp-json\/wp\/v2\/pages\/203\/revisions\/309"}],"wp:attachment":[{"href":"https:\/\/sellycar.com\/index.php\/wp-json\/wp\/v2\/media?parent=203"}],"curies":[{"name":"wp","href":"https:\/\/api.w.org\/{rel}","templated":true}]}}