{"id":232,"date":"2020-12-14T14:45:30","date_gmt":"2020-12-14T14:45:30","guid":{"rendered":"https:\/\/sellycar.com\/?page_id=232"},"modified":"2023-02-24T10:02:06","modified_gmt":"2023-02-24T10:02:06","slug":"meist","status":"publish","type":"page","link":"https:\/\/sellycar.com\/index.php\/meist\/","title":{"rendered":"Meist"},"content":{"rendered":"\t\t<div data-elementor-type=\"wp-page\" data-elementor-id=\"232\" class=\"elementor elementor-232\">\n\t\t\t\t\t\t<section class=\"elementor-section elementor-top-section elementor-element elementor-element-f30ceba elementor-section-boxed elementor-section-height-default elementor-section-height-default\" data-id=\"f30ceba\" data-element_type=\"section\" data-e-type=\"section\">\n\t\t\t\t\t\t<div class=\"elementor-container elementor-column-gap-default\">\n\t\t\t\t\t<div class=\"elementor-column elementor-col-100 elementor-top-column elementor-element elementor-element-61acfc5\" data-id=\"61acfc5\" data-element_type=\"column\" data-e-type=\"column\">\n\t\t\t<div class=\"elementor-widget-wrap elementor-element-populated\">\n\t\t\t\t\t\t<div class=\"elementor-element elementor-element-84e238f elementor-widget elementor-widget-text-editor\" data-id=\"84e238f\" data-element_type=\"widget\" data-e-type=\"widget\" data-widget_type=\"text-editor.default\">\n\t\t\t\t<div class=\"elementor-widget-container\">\n\t\t\t\t\t\t\t\t\t<p>Meie peamine tegevusvaldkond on kasutatud s\u00f5idukite ja muu tehnika m\u00fc\u00fck. Lisaks oleme t\u00e4naseks oma igap\u00e4evat\u00f6\u00f6sse kaasanud ka mitmeid muid valdkonnaga haakuvaid tegevusi.<\/p><p style=\"text-align: left;\"><em>Lisaks s\u00f5idukite m\u00fc\u00fcgiga seonduvale tegeleme ka<\/em><\/p><ul><li style=\"text-align: left;\"><em>S\u00f5idukite kohandamisega vastavalt klientide soovidele<\/em><\/li><li style=\"text-align: left;\"><em>S\u00f5idukite ilu- ja hooldusteenustega<\/em><\/li><li style=\"text-align: left;\"><em>S\u00f5idukite maaklerim\u00fc\u00fcgiga<\/em><\/li><li style=\"text-align: left;\"><em>S\u00f5idukite ostu ja vahetusega<\/em><\/li><li style=\"text-align: left;\"><em>Kindlustustoodete pakkumisega<\/em><\/li><\/ul>\t\t\t\t\t\t\t\t<\/div>\n\t\t\t\t<\/div>\n\t\t\t\t\t<\/div>\n\t\t<\/div>\n\t\t\t\t\t<\/div>\n\t\t<\/section>\n\t\t\t\t<section class=\"elementor-section elementor-top-section elementor-element elementor-element-0a76b97 elementor-section-boxed elementor-section-height-default elementor-section-height-default\" data-id=\"0a76b97\" data-element_type=\"section\" data-e-type=\"section\">\n\t\t\t\t\t\t<div class=\"elementor-container elementor-column-gap-default\">\n\t\t\t\t\t<div class=\"elementor-column elementor-col-100 elementor-top-column elementor-element elementor-element-dfa1410\" data-id=\"dfa1410\" data-element_type=\"column\" data-e-type=\"column\">\n\t\t\t<div class=\"elementor-widget-wrap elementor-element-populated\">\n\t\t\t\t\t\t<div class=\"elementor-element elementor-element-284651f elementor-widget elementor-widget-spacer\" data-id=\"284651f\" data-element_type=\"widget\" data-e-type=\"widget\" data-widget_type=\"spacer.default\">\n\t\t\t\t<div class=\"elementor-widget-container\">\n\t\t\t\t\t\t\t<div class=\"elementor-spacer\">\n\t\t\t<div class=\"elementor-spacer-inner\"><\/div>\n\t\t<\/div>\n\t\t\t\t\t\t<\/div>\n\t\t\t\t<\/div>\n\t\t\t\t\t<\/div>\n\t\t<\/div>\n\t\t\t\t\t<\/div>\n\t\t<\/section>\n\t\t\t\t<\/div>\n\t\t","protected":false},"excerpt":{"rendered":"<p>Meie peamine tegevusvaldkond on kasutatud s\u00f5idukite ja muu tehnika m\u00fc\u00fck. Lisaks oleme t\u00e4naseks oma igap\u00e4evat\u00f6\u00f6sse kaasanud ka mitmeid muid valdkonnaga haakuvaid tegevusi. Lisaks s\u00f5idukite m\u00fc\u00fcgiga seonduvale tegeleme ka S\u00f5idukite kohandamisega vastavalt klientide soovidele S\u00f5idukite ilu- ja hooldusteenustega S\u00f5idukite maaklerim\u00fc\u00fcgiga S\u00f5idukite ostu ja vahetusega Kindlustustoodete pakkumisega<\/p>\n","protected":false},"author":1,"featured_media":0,"parent":0,"menu_order":0,"comment_status":"closed","ping_status":"closed","template":"","meta":{"footnotes":""},"class_list":["post-232","page","type-page","status-publish","hentry"],"_links":{"self":[{"href":"https:\/\/sellycar.com\/index.php\/wp-json\/wp\/v2\/pages\/232","targetHints":{"allow":["GET"]}}],"collection":[{"href":"https:\/\/sellycar.com\/index.php\/wp-json\/wp\/v2\/pages"}],"about":[{"href":"https:\/\/sellycar.com\/index.php\/wp-json\/wp\/v2\/types\/page"}],"author":[{"embeddable":true,"href":"https:\/\/sellycar.com\/index.php\/wp-json\/wp\/v2\/users\/1"}],"replies":[{"embeddable":true,"href":"https:\/\/sellycar.com\/index.php\/wp-json\/wp\/v2\/comments?post=232"}],"version-history":[{"count":19,"href":"https:\/\/sellycar.com\/index.php\/wp-json\/wp\/v2\/pages\/232\/revisions"}],"predecessor-version":[{"id":795,"href":"https:\/\/sellycar.com\/index.php\/wp-json\/wp\/v2\/pages\/232\/revisions\/795"}],"wp:attachment":[{"href":"https:\/\/sellycar.com\/index.php\/wp-json\/wp\/v2\/media?parent=232"}],"curies":[{"name":"wp","href":"https:\/\/api.w.org\/{rel}","templated":true}]}}